{"id":1890,"date":"2024-01-15T14:36:05","date_gmt":"2024-01-15T14:36:05","guid":{"rendered":"https:\/\/xn--tamara-sprgin-4ob.de\/home\/?page_id=1890"},"modified":"2025-09-13T12:27:59","modified_gmt":"2025-09-13T12:27:59","slug":"hotstone","status":"publish","type":"page","link":"https:\/\/xn--tamara-sprgin-4ob.de\/home\/hotstone\/","title":{"rendered":"Hot Stone"},"content":{"rendered":"\t\t<div data-elementor-type=\"wp-page\" data-elementor-id=\"1890\" class=\"elementor elementor-1890\" data-elementor-post-type=\"page\">\n\t\t\t\t\t\t<section class=\"elementor-section elementor-top-section elementor-element elementor-element-f30f2aa animated-slow elementor-section-height-min-height elementor-section-boxed elementor-section-height-default elementor-section-items-middle\" data-id=\"f30f2aa\" data-element_type=\"section\" data-settings=\"{&quot;animation&quot;:&quot;none&quot;,&quot;animation_delay&quot;:300}\">\n\t\t\t\t\t\t<div class=\"elementor-container elementor-column-gap-default\">\n\t\t\t\t\t<div class=\"elementor-column elementor-col-100 elementor-top-column elementor-element elementor-element-9a01907\" data-id=\"9a01907\" data-element_type=\"column\">\n\t\t\t<div class=\"elementor-widget-wrap elementor-element-populated\">\n\t\t\t\t\t\t<div class=\"elementor-element elementor-element-868c99b elementor-widget elementor-widget-image\" data-id=\"868c99b\" data-element_type=\"widget\" data-widget_type=\"image.default\">\n\t\t\t\t<div class=\"elementor-widget-container\">\n\t\t\t\t\t\t\t\t\t\t\t\t\t\t\t<img decoding=\"async\" src=\"https:\/\/xn--tamara-sprgin-4ob.de\/wp-content\/uploads\/elementor\/thumbs\/Logo-clean-rbeh0lfzfzxu5e5dzuelsrd583e3iu1srjnu4ffr8y.png\" title=\"Logo clean\" alt=\"Logo clean\" loading=\"lazy\" \/>\t\t\t\t\t\t\t\t\t\t\t\t\t\t\t<\/div>\n\t\t\t\t<\/div>\n\t\t\t\t<div class=\"elementor-element elementor-element-05588ca elementor-nav-menu__align-center elementor-nav-menu--dropdown-tablet elementor-nav-menu__text-align-aside elementor-nav-menu--toggle elementor-nav-menu--burger elementor-widget elementor-widget-nav-menu\" data-id=\"05588ca\" data-element_type=\"widget\" data-settings=\"{&quot;layout&quot;:&quot;horizontal&quot;,&quot;submenu_icon&quot;:{&quot;value&quot;:&quot;&lt;i class=\\&quot;fas fa-caret-down\\&quot;&gt;&lt;\\\/i&gt;&quot;,&quot;library&quot;:&quot;fa-solid&quot;},&quot;toggle&quot;:&quot;burger&quot;}\" data-widget_type=\"nav-menu.default\">\n\t\t\t\t<div class=\"elementor-widget-container\">\n\t\t\t\t\t\t\t\t<nav aria-label=\"Menu\" class=\"elementor-nav-menu--main elementor-nav-menu__container elementor-nav-menu--layout-horizontal e--pointer-underline e--animation-fade\">\n\t\t\t\t<ul id=\"menu-1-05588ca\" class=\"elementor-nav-menu\"><li class=\"menu-item menu-item-type-post_type menu-item-object-page menu-item-home menu-item-1134\"><a href=\"https:\/\/xn--tamara-sprgin-4ob.de\/home\/\" class=\"elementor-item\">Home<\/a><\/li>\n<li class=\"menu-item menu-item-type-post_type menu-item-object-page menu-item-122\"><a href=\"https:\/\/xn--tamara-sprgin-4ob.de\/home\/ueber-mich\/\" class=\"elementor-item\">\u00dcber Mich<\/a><\/li>\n<li class=\"menu-item menu-item-type-post_type menu-item-object-page menu-item-has-children menu-item-66\"><a href=\"https:\/\/xn--tamara-sprgin-4ob.de\/home\/anwendungen\/\" class=\"elementor-item\">Anwendungen<\/a>\n<ul class=\"sub-menu elementor-nav-menu--dropdown\">\n\t<li class=\"menu-item menu-item-type-post_type menu-item-object-page menu-item-67\"><a href=\"https:\/\/xn--tamara-sprgin-4ob.de\/home\/massagen\/\" class=\"elementor-sub-item\">Massagen<\/a><\/li>\n\t<li class=\"menu-item menu-item-type-post_type menu-item-object-page menu-item-1375\"><a href=\"https:\/\/xn--tamara-sprgin-4ob.de\/home\/klangschalen\/\" class=\"elementor-sub-item\">Klangschalen<\/a><\/li>\n\t<li class=\"menu-item menu-item-type-post_type menu-item-object-page menu-item-68\"><a href=\"https:\/\/xn--tamara-sprgin-4ob.de\/home\/reiki\/\" class=\"elementor-sub-item\">Reiki<\/a><\/li>\n\t<li class=\"menu-item menu-item-type-post_type menu-item-object-page menu-item-1374\"><a href=\"https:\/\/xn--tamara-sprgin-4ob.de\/home\/liebscher-bracht\/\" class=\"elementor-sub-item\">Liebscher &#038; Bracht<\/a><\/li>\n\t<li class=\"menu-item menu-item-type-post_type menu-item-object-page menu-item-1402\"><a href=\"https:\/\/xn--tamara-sprgin-4ob.de\/home\/kinesiotape\/\" class=\"elementor-sub-item\">Kinesiotape<\/a><\/li>\n\t<li class=\"menu-item menu-item-type-post_type menu-item-object-page menu-item-1934\"><a href=\"https:\/\/xn--tamara-sprgin-4ob.de\/home\/hotstone\/\" class=\"elementor-sub-item\">Hot Stone<\/a><\/li>\n<\/ul>\n<\/li>\n<li class=\"menu-item menu-item-type-post_type menu-item-object-page menu-item-69\"><a href=\"https:\/\/xn--tamara-sprgin-4ob.de\/home\/aktuelles\/\" class=\"elementor-item\">Aktuelles<\/a><\/li>\n<li class=\"menu-item menu-item-type-post_type menu-item-object-page menu-item-70\"><a href=\"https:\/\/xn--tamara-sprgin-4ob.de\/home\/gutscheine\/\" class=\"elementor-item\">Gutscheine<\/a><\/li>\n<li class=\"menu-item menu-item-type-post_type menu-item-object-page menu-item-809\"><a href=\"https:\/\/xn--tamara-sprgin-4ob.de\/home\/foto-galerie\/\" class=\"elementor-item\">Foto Galerie<\/a><\/li>\n<li class=\"menu-item menu-item-type-post_type menu-item-object-page menu-item-442\"><a href=\"https:\/\/xn--tamara-sprgin-4ob.de\/home\/gaestebuch\/\" class=\"elementor-item\">G\u00e4stebuch<\/a><\/li>\n<li class=\"menu-item menu-item-type-post_type menu-item-object-page menu-item-71\"><a href=\"https:\/\/xn--tamara-sprgin-4ob.de\/home\/kontakt\/\" class=\"elementor-item\">Kontakt<\/a><\/li>\n<li class=\"menu-item menu-item-type-post_type menu-item-object-page menu-item-503\"><a href=\"https:\/\/xn--tamara-sprgin-4ob.de\/home\/agb\/\" class=\"elementor-item\">AGB<\/a><\/li>\n<\/ul>\t\t\t<\/nav>\n\t\t\t\t\t<div class=\"elementor-menu-toggle\" role=\"button\" tabindex=\"0\" aria-label=\"Menu Toggle\" aria-expanded=\"false\">\n\t\t\t<i aria-hidden=\"true\" role=\"presentation\" class=\"elementor-menu-toggle__icon--open eicon-menu-bar\"><\/i><i aria-hidden=\"true\" role=\"presentation\" class=\"elementor-menu-toggle__icon--close eicon-close\"><\/i>\t\t<\/div>\n\t\t\t\t\t<nav class=\"elementor-nav-menu--dropdown elementor-nav-menu__container\" aria-hidden=\"true\">\n\t\t\t\t<ul id=\"menu-2-05588ca\" class=\"elementor-nav-menu\"><li class=\"menu-item menu-item-type-post_type menu-item-object-page menu-item-home menu-item-1134\"><a href=\"https:\/\/xn--tamara-sprgin-4ob.de\/home\/\" class=\"elementor-item\" tabindex=\"-1\">Home<\/a><\/li>\n<li class=\"menu-item menu-item-type-post_type menu-item-object-page menu-item-122\"><a href=\"https:\/\/xn--tamara-sprgin-4ob.de\/home\/ueber-mich\/\" class=\"elementor-item\" tabindex=\"-1\">\u00dcber Mich<\/a><\/li>\n<li class=\"menu-item menu-item-type-post_type menu-item-object-page menu-item-has-children menu-item-66\"><a href=\"https:\/\/xn--tamara-sprgin-4ob.de\/home\/anwendungen\/\" class=\"elementor-item\" tabindex=\"-1\">Anwendungen<\/a>\n<ul class=\"sub-menu elementor-nav-menu--dropdown\">\n\t<li class=\"menu-item menu-item-type-post_type menu-item-object-page menu-item-67\"><a href=\"https:\/\/xn--tamara-sprgin-4ob.de\/home\/massagen\/\" class=\"elementor-sub-item\" tabindex=\"-1\">Massagen<\/a><\/li>\n\t<li class=\"menu-item menu-item-type-post_type menu-item-object-page menu-item-1375\"><a href=\"https:\/\/xn--tamara-sprgin-4ob.de\/home\/klangschalen\/\" class=\"elementor-sub-item\" tabindex=\"-1\">Klangschalen<\/a><\/li>\n\t<li class=\"menu-item menu-item-type-post_type menu-item-object-page menu-item-68\"><a href=\"https:\/\/xn--tamara-sprgin-4ob.de\/home\/reiki\/\" class=\"elementor-sub-item\" tabindex=\"-1\">Reiki<\/a><\/li>\n\t<li class=\"menu-item menu-item-type-post_type menu-item-object-page menu-item-1374\"><a href=\"https:\/\/xn--tamara-sprgin-4ob.de\/home\/liebscher-bracht\/\" class=\"elementor-sub-item\" tabindex=\"-1\">Liebscher &#038; Bracht<\/a><\/li>\n\t<li class=\"menu-item menu-item-type-post_type menu-item-object-page menu-item-1402\"><a href=\"https:\/\/xn--tamara-sprgin-4ob.de\/home\/kinesiotape\/\" class=\"elementor-sub-item\" tabindex=\"-1\">Kinesiotape<\/a><\/li>\n\t<li class=\"menu-item menu-item-type-post_type menu-item-object-page menu-item-1934\"><a href=\"https:\/\/xn--tamara-sprgin-4ob.de\/home\/hotstone\/\" class=\"elementor-sub-item\" tabindex=\"-1\">Hot Stone<\/a><\/li>\n<\/ul>\n<\/li>\n<li class=\"menu-item menu-item-type-post_type menu-item-object-page menu-item-69\"><a href=\"https:\/\/xn--tamara-sprgin-4ob.de\/home\/aktuelles\/\" class=\"elementor-item\" tabindex=\"-1\">Aktuelles<\/a><\/li>\n<li class=\"menu-item menu-item-type-post_type menu-item-object-page menu-item-70\"><a href=\"https:\/\/xn--tamara-sprgin-4ob.de\/home\/gutscheine\/\" class=\"elementor-item\" tabindex=\"-1\">Gutscheine<\/a><\/li>\n<li class=\"menu-item menu-item-type-post_type menu-item-object-page menu-item-809\"><a href=\"https:\/\/xn--tamara-sprgin-4ob.de\/home\/foto-galerie\/\" class=\"elementor-item\" tabindex=\"-1\">Foto Galerie<\/a><\/li>\n<li class=\"menu-item menu-item-type-post_type menu-item-object-page menu-item-442\"><a href=\"https:\/\/xn--tamara-sprgin-4ob.de\/home\/gaestebuch\/\" class=\"elementor-item\" tabindex=\"-1\">G\u00e4stebuch<\/a><\/li>\n<li class=\"menu-item menu-item-type-post_type menu-item-object-page menu-item-71\"><a href=\"https:\/\/xn--tamara-sprgin-4ob.de\/home\/kontakt\/\" class=\"elementor-item\" tabindex=\"-1\">Kontakt<\/a><\/li>\n<li class=\"menu-item menu-item-type-post_type menu-item-object-page menu-item-503\"><a href=\"https:\/\/xn--tamara-sprgin-4ob.de\/home\/agb\/\" class=\"elementor-item\" tabindex=\"-1\">AGB<\/a><\/li>\n<\/ul>\t\t\t<\/nav>\n\t\t\t\t\t\t<\/div>\n\t\t\t\t<\/div>\n\t\t\t\t<div class=\"elementor-element elementor-element-300c7f7 animated-slow elementor-widget elementor-widget-heading\" data-id=\"300c7f7\" data-element_type=\"widget\" data-settings=\"{&quot;_animation&quot;:&quot;none&quot;,&quot;_animation_delay&quot;:300}\" data-widget_type=\"heading.default\">\n\t\t\t\t<div class=\"elementor-widget-container\">\n\t\t\t\t\t<h2 class=\"elementor-heading-title elementor-size-xl\">Hot Stone-Massage<\/h2>\t\t\t\t<\/div>\n\t\t\t\t<\/div>\n\t\t\t\t<div class=\"elementor-element elementor-element-d4f15b9 elementor-widget elementor-widget-text-editor\" data-id=\"d4f15b9\" data-element_type=\"widget\" data-widget_type=\"text-editor.default\">\n\t\t\t\t<div class=\"elementor-widget-container\">\n\t\t\t\t\t\t\t\t\t<div class=\"container\"><div class=\"row\"><div class=\"col-xs-12\"><div class=\"col-sm-9\"><strong>Hot Stone Massagen sind eine wunderbare M\u00f6glichkeit, sich zu entspannen und den Alltagsstress hinter sich zu lassen. Bei dieser Massage werden glatte, erw\u00e4rmte Steine auf bestimmte K\u00f6rperregionen gelegt, um eine tiefe Entspannung und ein Gef\u00fchl von W\u00e4rme und Geborgenheit zu erzeugen. Die Steine werden auch sanft \u00fcber den K\u00f6rper bewegt, um Verspannungen zu l\u00f6sen und die Durchblutung zu f\u00f6rdern. Es ist eine wahre Wohltat f\u00fcr K\u00f6rper und Geist! Die angenehme W\u00e4rme der Steine dringt tief in die Muskulatur ein und l\u00f6st Verspannungen auf eine ganz besondere Art und Weise. Es ist ein regelrechtes Verw\u00f6hnprogramm f\u00fcr den K\u00f6rper! Eine Hot Stone Massage kann Stress reduzieren, die Entgiftung des K\u00f6rpers unterst\u00fctzen und das allgemeine Wohlbefinden steigern. Es ist wichtig zu beachten, dass diese Massage von qualifizierten Fachkr\u00e4ften durchgef\u00fchrt werden sollte, um maximale Sicherheit und Effektivit\u00e4t zu gew\u00e4hrleisten. G\u00f6nnen Sie sich eine Auszeit und genie\u00dfen Sie die wohltuende Wirkung einer Hot Stone Massage!<\/strong><\/div><div class=\"col-sm-3\">\u00a0<\/div><\/div><\/div><\/div>\t\t\t\t\t\t\t\t<\/div>\n\t\t\t\t<\/div>\n\t\t\t\t<div class=\"elementor-element elementor-element-417935a elementor-widget elementor-widget-spacer\" data-id=\"417935a\" data-element_type=\"widget\" data-widget_type=\"spacer.default\">\n\t\t\t\t<div class=\"elementor-widget-container\">\n\t\t\t\t\t\t\t<div class=\"elementor-spacer\">\n\t\t\t<div class=\"elementor-spacer-inner\"><\/div>\n\t\t<\/div>\n\t\t\t\t\t\t<\/div>\n\t\t\t\t<\/div>\n\t\t\t\t<div class=\"elementor-element elementor-element-cfa226d elementor-align-center animated-slow elementor-widget elementor-widget-button\" data-id=\"cfa226d\" data-element_type=\"widget\" id=\"5\" data-settings=\"{&quot;_animation&quot;:&quot;none&quot;,&quot;_animation_delay&quot;:900}\" data-widget_type=\"button.default\">\n\t\t\t\t<div class=\"elementor-widget-container\">\n\t\t\t\t\t\t\t\t\t<div class=\"elementor-button-wrapper\">\n\t\t\t\t\t<a class=\"elementor-button elementor-button-link elementor-size-sm\" href=\"https:\/\/xn--tamara-sprgin-4ob.de\/home\/massagen\/\">\n\t\t\t\t\t\t<span class=\"elementor-button-content-wrapper\">\n\t\t\t\t\t\t\t\t\t<span class=\"elementor-button-text\">Zu Massagen<\/span>\n\t\t\t\t\t<\/span>\n\t\t\t\t\t<\/a>\n\t\t\t\t<\/div>\n\t\t\t\t\t\t\t\t<\/div>\n\t\t\t\t<\/div>\n\t\t\t\t<div class=\"elementor-element elementor-element-3fceb96 elementor-widget elementor-widget-spacer\" data-id=\"3fceb96\" data-element_type=\"widget\" data-widget_type=\"spacer.default\">\n\t\t\t\t<div class=\"elementor-widget-container\">\n\t\t\t\t\t\t\t<div class=\"elementor-spacer\">\n\t\t\t<div class=\"elementor-spacer-inner\"><\/div>\n\t\t<\/div>\n\t\t\t\t\t\t<\/div>\n\t\t\t\t<\/div>\n\t\t\t\t<div class=\"elementor-element elementor-element-f7d4b7f animated-slow elementor-widget elementor-widget-heading\" data-id=\"f7d4b7f\" data-element_type=\"widget\" data-settings=\"{&quot;_animation&quot;:&quot;none&quot;,&quot;_animation_delay&quot;:1000}\" data-widget_type=\"heading.default\">\n\t\t\t\t<div class=\"elementor-widget-container\">\n\t\t\t\t\t<h2 class=\"elementor-heading-title elementor-size-large\">Haben Sie noch Fragen?\n<\/h2>\t\t\t\t<\/div>\n\t\t\t\t<\/div>\n\t\t\t\t<div class=\"elementor-element elementor-element-0872075 animated-slow elementor-widget elementor-widget-text-editor\" data-id=\"0872075\" data-element_type=\"widget\" data-settings=\"{&quot;_animation&quot;:&quot;none&quot;,&quot;_animation_delay&quot;:1000}\" data-widget_type=\"text-editor.default\">\n\t\t\t\t<div class=\"elementor-widget-container\">\n\t\t\t\t\t\t\t\t\t<p>Benutzen Sie den Kontakt-Link wenn Sie weitere Fragen haben und um einen m\u00f6glichen Termin gemeinsam abzusprechen. Sie k\u00f6nnen die unten g\u00e4ngigen Social Media Link benutzen um mit mir in Verbindung zu treten. Ich freue mich Sie bald bei mir begr\u00fc\u00dfen zu k\u00f6nnen.<\/p>\t\t\t\t\t\t\t\t<\/div>\n\t\t\t\t<\/div>\n\t\t\t\t<div class=\"elementor-element elementor-element-08735a7 elementor-align-center elementor-widget elementor-widget-button\" data-id=\"08735a7\" data-element_type=\"widget\" data-settings=\"{&quot;_animation&quot;:&quot;none&quot;,&quot;_animation_delay&quot;:1000}\" data-widget_type=\"button.default\">\n\t\t\t\t<div class=\"elementor-widget-container\">\n\t\t\t\t\t\t\t\t\t<div class=\"elementor-button-wrapper\">\n\t\t\t\t\t<a class=\"elementor-button elementor-button-link elementor-size-sm\" href=\"https:\/\/xn--tamara-sprgin-4ob.de\/kontakt\/\">\n\t\t\t\t\t\t<span class=\"elementor-button-content-wrapper\">\n\t\t\t\t\t\t\t\t\t<span class=\"elementor-button-text\">Kontakt<\/span>\n\t\t\t\t\t<\/span>\n\t\t\t\t\t<\/a>\n\t\t\t\t<\/div>\n\t\t\t\t\t\t\t\t<\/div>\n\t\t\t\t<\/div>\n\t\t\t\t\t<\/div>\n\t\t<\/div>\n\t\t\t\t\t<\/div>\n\t\t<\/section>\n\t\t\t\t<section class=\"elementor-section elementor-top-section elementor-element elementor-element-823b397 elementor-section-boxed elementor-section-height-default elementor-section-height-default\" data-id=\"823b397\" data-element_type=\"section\">\n\t\t\t\t\t\t<div class=\"elementor-container elementor-column-gap-default\">\n\t\t\t\t\t<div class=\"elementor-column elementor-col-100 elementor-top-column elementor-element elementor-element-9b22a22\" data-id=\"9b22a22\" data-element_type=\"column\">\n\t\t\t<div class=\"elementor-widget-wrap elementor-element-populated\">\n\t\t\t\t\t\t<div class=\"elementor-element elementor-element-bf4a288 elementor-widget-divider--view-line elementor-widget elementor-widget-divider\" data-id=\"bf4a288\" data-element_type=\"widget\" data-widget_type=\"divider.default\">\n\t\t\t\t<div class=\"elementor-widget-container\">\n\t\t\t\t\t\t\t<div class=\"elementor-divider\">\n\t\t\t<span class=\"elementor-divider-separator\">\n\t\t\t\t\t\t<\/span>\n\t\t<\/div>\n\t\t\t\t\t\t<\/div>\n\t\t\t\t<\/div>\n\t\t\t\t\t<\/div>\n\t\t<\/div>\n\t\t\t\t\t<\/div>\n\t\t<\/section>\n\t\t\t\t<section class=\"elementor-section elementor-inner-section elementor-element elementor-element-4a8b5651 elementor-section-boxed elementor-section-height-default elementor-section-height-default\" data-id=\"4a8b5651\" data-element_type=\"section\">\n\t\t\t\t\t\t<div class=\"elementor-container elementor-column-gap-narrow\">\n\t\t\t\t\t<div class=\"elementor-column elementor-col-33 elementor-inner-column elementor-element elementor-element-6a62cd16\" data-id=\"6a62cd16\" data-element_type=\"column\">\n\t\t\t<div class=\"elementor-widget-wrap elementor-element-populated\">\n\t\t\t\t\t\t<div class=\"elementor-element elementor-element-275cf46 elementor-widget elementor-widget-image\" data-id=\"275cf46\" data-element_type=\"widget\" data-widget_type=\"image.default\">\n\t\t\t\t<div class=\"elementor-widget-container\">\n\t\t\t\t\t\t\t\t\t\t\t\t\t\t\t<img decoding=\"async\" src=\"https:\/\/xn--tamara-sprgin-4ob.de\/wp-content\/uploads\/elementor\/thumbs\/LOGO-Clean-rbp1zlhtacqqtmcf0q9bqbs6xpw8dynkqi0nyu2gmq.png\" title=\"LOGO Clean\" alt=\"LOGO Clean\" loading=\"lazy\" \/>\t\t\t\t\t\t\t\t\t\t\t\t\t\t\t<\/div>\n\t\t\t\t<\/div>\n\t\t\t\t<div class=\"elementor-element elementor-element-5f840a28 elementor-widget elementor-widget-text-editor\" data-id=\"5f840a28\" data-element_type=\"widget\" data-widget_type=\"text-editor.default\">\n\t\t\t\t<div class=\"elementor-widget-container\">\n\t\t\t\t\t\t\t\t\t<p>Lehmgrubenweg 3<br \/>D-79331 Teningen<br \/>Mobil: +49 172-3909445<br \/><span style=\"font-size: 1rem;\">Mail: <a href=\"mailto:ayurveda@tamara-spuergin.de\">ayurveda@tamara-spuergin.de<\/a><\/span><\/p><p>Web: <a href=\"http:\/\/tamara-sp\u00fcrgin.de\">www.Tamara-Sp\u00fcrgin.de<\/a><\/p>\t\t\t\t\t\t\t\t<\/div>\n\t\t\t\t<\/div>\n\t\t\t\t\t<\/div>\n\t\t<\/div>\n\t\t\t\t<div class=\"elementor-column elementor-col-33 elementor-inner-column elementor-element elementor-element-394dad5f\" data-id=\"394dad5f\" data-element_type=\"column\">\n\t\t\t<div class=\"elementor-widget-wrap elementor-element-populated\">\n\t\t\t\t\t\t<div class=\"elementor-element elementor-element-7670ac46 elementor-shape-circle elementor-grid-0 e-grid-align-center elementor-widget elementor-widget-social-icons\" data-id=\"7670ac46\" data-element_type=\"widget\" data-widget_type=\"social-icons.default\">\n\t\t\t\t<div class=\"elementor-widget-container\">\n\t\t\t\t\t\t\t<div class=\"elementor-social-icons-wrapper elementor-grid\" role=\"list\">\n\t\t\t\t\t\t\t<span class=\"elementor-grid-item\" role=\"listitem\">\n\t\t\t\t\t<a class=\"elementor-icon elementor-social-icon elementor-social-icon-facebook elementor-animation-pulse elementor-repeater-item-361b57b\" href=\"http:\/\/www.facebook.com\/tamara.spuergin.1\" target=\"_blank\">\n\t\t\t\t\t\t<span class=\"elementor-screen-only\">Facebook<\/span>\n\t\t\t\t\t\t<i class=\"fab fa-facebook\"><\/i>\t\t\t\t\t<\/a>\n\t\t\t\t<\/span>\n\t\t\t\t\t\t\t<span class=\"elementor-grid-item\" role=\"listitem\">\n\t\t\t\t\t<a class=\"elementor-icon elementor-social-icon elementor-social-icon-instagram elementor-animation-pulse elementor-repeater-item-681c812\" target=\"_blank\">\n\t\t\t\t\t\t<span class=\"elementor-screen-only\">Instagram<\/span>\n\t\t\t\t\t\t<i class=\"fab fa-instagram\"><\/i>\t\t\t\t\t<\/a>\n\t\t\t\t<\/span>\n\t\t\t\t\t\t\t<span class=\"elementor-grid-item\" role=\"listitem\">\n\t\t\t\t\t<a class=\"elementor-icon elementor-social-icon elementor-social-icon-whatsapp elementor-animation-pulse elementor-repeater-item-5ce69ac\" href=\"https:\/\/wa.me\/491723909445\" target=\"_blank\">\n\t\t\t\t\t\t<span class=\"elementor-screen-only\">Whatsapp<\/span>\n\t\t\t\t\t\t<i class=\"fab fa-whatsapp\"><\/i>\t\t\t\t\t<\/a>\n\t\t\t\t<\/span>\n\t\t\t\t\t\t\t<span class=\"elementor-grid-item\" role=\"listitem\">\n\t\t\t\t\t<a class=\"elementor-icon elementor-social-icon elementor-social-icon-envelope elementor-animation-pulse elementor-repeater-item-95a9fbc\" href=\"mailto:ayurveda@tamara-spuergin.de\" target=\"_blank\">\n\t\t\t\t\t\t<span class=\"elementor-screen-only\">Envelope<\/span>\n\t\t\t\t\t\t<i class=\"fas fa-envelope\"><\/i>\t\t\t\t\t<\/a>\n\t\t\t\t<\/span>\n\t\t\t\t\t<\/div>\n\t\t\t\t\t\t<\/div>\n\t\t\t\t<\/div>\n\t\t\t\t<div class=\"elementor-element elementor-element-4c1e0471 elementor-hidden-desktop elementor-hidden-tablet elementor-widget elementor-widget-text-editor\" data-id=\"4c1e0471\" data-element_type=\"widget\" data-widget_type=\"text-editor.default\">\n\t\t\t\t<div class=\"elementor-widget-container\">\n\t\t\t\t\t\t\t\t\t<p>\u00a9 copyright by T. Sp\u00fcrgin\u00a0<br \/><a href=\"https:\/\/xn--tamara-sprgin-4ob.de\/datenschutz\/\" rel=\"noopener\">Datenschutz<\/a>\u00a0\u00a0|\u00a0\u00a0<a href=\"https:\/\/xn--tamara-sprgin-4ob.de\/impressum\/\">Impressum<\/a><\/p>\t\t\t\t\t\t\t\t<\/div>\n\t\t\t\t<\/div>\n\t\t\t\t<div class=\"elementor-element elementor-element-3d7c1870 elementor-hidden-phone elementor-widget elementor-widget-spacer\" data-id=\"3d7c1870\" data-element_type=\"widget\" data-widget_type=\"spacer.default\">\n\t\t\t\t<div class=\"elementor-widget-container\">\n\t\t\t\t\t\t\t<div class=\"elementor-spacer\">\n\t\t\t<div class=\"elementor-spacer-inner\"><\/div>\n\t\t<\/div>\n\t\t\t\t\t\t<\/div>\n\t\t\t\t<\/div>\n\t\t\t\t<div class=\"elementor-element elementor-element-64427f64 elementor-hidden-phone elementor-widget elementor-widget-text-editor\" data-id=\"64427f64\" data-element_type=\"widget\" data-widget_type=\"text-editor.default\">\n\t\t\t\t<div class=\"elementor-widget-container\">\n\t\t\t\t\t\t\t\t\t<p>\u00a9 copyright 2022<\/p><p><a href=\"https:\/\/xn--tamara-sprgin-4ob.de\/datenschutz\/\" rel=\"noopener\">Datenschutz<\/a> | <a href=\"https:\/\/xn--tamara-sprgin-4ob.de\/impressum\/\">Impressum<\/a><\/p>\t\t\t\t\t\t\t\t<\/div>\n\t\t\t\t<\/div>\n\t\t\t\t\t<\/div>\n\t\t<\/div>\n\t\t\t\t<div class=\"elementor-column elementor-col-33 elementor-inner-column elementor-element elementor-element-75105d5e elementor-hidden-phone\" data-id=\"75105d5e\" data-element_type=\"column\">\n\t\t\t<div class=\"elementor-widget-wrap elementor-element-populated\">\n\t\t\t\t\t\t<div class=\"elementor-element elementor-element-7660eb3e elementor-widget elementor-widget-wp-widget-pages\" data-id=\"7660eb3e\" data-element_type=\"widget\" data-widget_type=\"wp-widget-pages.default\">\n\t\t\t\t<div class=\"elementor-widget-container\">\n\t\t\t\t\t<h5>Seiten:<\/h5><nav aria-label=\"Seiten:\">\n\t\t\t<ul>\n\t\t\t\t<li class=\"page_item page-item-32\"><a href=\"https:\/\/xn--tamara-sprgin-4ob.de\/home\/\">Home<\/a><\/li>\n<li class=\"page_item page-item-51\"><a href=\"https:\/\/xn--tamara-sprgin-4ob.de\/home\/anwendungen\/\">Anwendungen<\/a><\/li>\n<li class=\"page_item page-item-54\"><a href=\"https:\/\/xn--tamara-sprgin-4ob.de\/home\/aktuelles\/\">Aktuelles<\/a><\/li>\n<li class=\"page_item page-item-56\"><a href=\"https:\/\/xn--tamara-sprgin-4ob.de\/home\/kontakt\/\">Kontakt<\/a><\/li>\n<li class=\"page_item page-item-561\"><a href=\"https:\/\/xn--tamara-sprgin-4ob.de\/home\/agb-2\/\">AGB<\/a><\/li>\n\t\t\t<\/ul>\n\n\t\t\t<\/nav>\t\t\t\t<\/div>\n\t\t\t\t<\/div>\n\t\t\t\t\t<\/div>\n\t\t<\/div>\n\t\t\t\t\t<\/div>\n\t\t<\/section>\n\t\t\t\t<\/div>\n\t\t","protected":false},"excerpt":{"rendered":"<p>Hot Stone-Massage Hot Stone Massagen sind eine wunderbare M\u00f6glichkeit, sich zu entspannen und den Alltagsstress hinter sich zu lassen. Bei dieser Massage werden glatte, erw\u00e4rmte Steine auf bestimmte K\u00f6rperregionen gelegt, um eine tiefe Entspannung und ein Gef\u00fchl von W\u00e4rme und Geborgenheit zu erzeugen. Die Steine werden auch sanft \u00fcber den K\u00f6rper bewegt, um Verspannungen zu [&hellip;]<\/p>\n","protected":false},"author":2,"featured_media":0,"parent":0,"menu_order":4,"comment_status":"closed","ping_status":"closed","template":"","meta":{"footnotes":""},"class_list":["post-1890","page","type-page","status-publish","hentry"],"aioseo_notices":[],"_links":{"self":[{"href":"https:\/\/xn--tamara-sprgin-4ob.de\/home\/wp-json\/wp\/v2\/pages\/1890","targetHints":{"allow":["GET"]}}],"collection":[{"href":"https:\/\/xn--tamara-sprgin-4ob.de\/home\/wp-json\/wp\/v2\/pages"}],"about":[{"href":"https:\/\/xn--tamara-sprgin-4ob.de\/home\/wp-json\/wp\/v2\/types\/page"}],"author":[{"embeddable":true,"href":"https:\/\/xn--tamara-sprgin-4ob.de\/home\/wp-json\/wp\/v2\/users\/2"}],"replies":[{"embeddable":true,"href":"https:\/\/xn--tamara-sprgin-4ob.de\/home\/wp-json\/wp\/v2\/comments?post=1890"}],"version-history":[{"count":37,"href":"https:\/\/xn--tamara-sprgin-4ob.de\/home\/wp-json\/wp\/v2\/pages\/1890\/revisions"}],"predecessor-version":[{"id":2608,"href":"https:\/\/xn--tamara-sprgin-4ob.de\/home\/wp-json\/wp\/v2\/pages\/1890\/revisions\/2608"}],"wp:attachment":[{"href":"https:\/\/xn--tamara-sprgin-4ob.de\/home\/wp-json\/wp\/v2\/media?parent=1890"}],"curies":[{"name":"wp","href":"https:\/\/api.w.org\/{rel}","templated":true}]}}