{"id":643,"date":"2020-09-08T16:33:56","date_gmt":"2020-09-08T16:33:56","guid":{"rendered":"https:\/\/xn--tamara-sprgin-4ob.de\/?page_id=643"},"modified":"2025-09-13T12:55:25","modified_gmt":"2025-09-13T12:55:25","slug":"agb-4","status":"publish","type":"page","link":"https:\/\/xn--tamara-sprgin-4ob.de\/home\/agb-4\/","title":{"rendered":"AGB"},"content":{"rendered":"\t\t<div data-elementor-type=\"wp-page\" data-elementor-id=\"643\" class=\"elementor elementor-643\" data-elementor-post-type=\"page\">\n\t\t\t\t\t\t<section class=\"elementor-section elementor-top-section elementor-element elementor-element-59d04c9 elementor-section-boxed elementor-section-height-default elementor-section-height-default\" data-id=\"59d04c9\" data-element_type=\"section\">\n\t\t\t\t\t\t<div class=\"elementor-container elementor-column-gap-default\">\n\t\t\t\t\t<div class=\"elementor-column elementor-col-100 elementor-top-column elementor-element elementor-element-9e6fa52\" data-id=\"9e6fa52\" data-element_type=\"column\">\n\t\t\t<div class=\"elementor-widget-wrap elementor-element-populated\">\n\t\t\t\t\t\t<div class=\"elementor-element elementor-element-e6a6c44 elementor-widget elementor-widget-image\" data-id=\"e6a6c44\" data-element_type=\"widget\" data-widget_type=\"image.default\">\n\t\t\t\t<div class=\"elementor-widget-container\">\n\t\t\t\t\t\t\t\t\t\t\t\t\t\t\t<img decoding=\"async\" src=\"https:\/\/xn--tamara-sprgin-4ob.de\/wp-content\/uploads\/elementor\/thumbs\/Logo-clean-rbeh0lfzfzxu5e5dzuelsrd583e3iu1srjnu4ffr8y.png\" title=\"Logo clean\" alt=\"Logo clean\" loading=\"lazy\" \/>\t\t\t\t\t\t\t\t\t\t\t\t\t\t\t<\/div>\n\t\t\t\t<\/div>\n\t\t\t\t<div class=\"elementor-element elementor-element-38e71a8 elementor-nav-menu__align-center elementor-nav-menu--dropdown-tablet elementor-nav-menu__text-align-aside elementor-nav-menu--toggle elementor-nav-menu--burger elementor-widget elementor-widget-nav-menu\" data-id=\"38e71a8\" data-element_type=\"widget\" data-settings=\"{&quot;layout&quot;:&quot;horizontal&quot;,&quot;submenu_icon&quot;:{&quot;value&quot;:&quot;&lt;i class=\\&quot;fas fa-caret-down\\&quot;&gt;&lt;\\\/i&gt;&quot;,&quot;library&quot;:&quot;fa-solid&quot;},&quot;toggle&quot;:&quot;burger&quot;}\" data-widget_type=\"nav-menu.default\">\n\t\t\t\t<div class=\"elementor-widget-container\">\n\t\t\t\t\t\t\t\t<nav aria-label=\"Menu\" class=\"elementor-nav-menu--main elementor-nav-menu__container elementor-nav-menu--layout-horizontal e--pointer-underline e--animation-fade\">\n\t\t\t\t<ul id=\"menu-1-38e71a8\" class=\"elementor-nav-menu\"><li class=\"menu-item menu-item-type-post_type menu-item-object-page menu-item-home menu-item-1134\"><a href=\"https:\/\/xn--tamara-sprgin-4ob.de\/home\/\" class=\"elementor-item\">Home<\/a><\/li>\n<li class=\"menu-item menu-item-type-post_type menu-item-object-page menu-item-122\"><a href=\"https:\/\/xn--tamara-sprgin-4ob.de\/home\/ueber-mich\/\" class=\"elementor-item\">\u00dcber Mich<\/a><\/li>\n<li class=\"menu-item menu-item-type-post_type menu-item-object-page menu-item-has-children menu-item-66\"><a href=\"https:\/\/xn--tamara-sprgin-4ob.de\/home\/anwendungen\/\" class=\"elementor-item\">Anwendungen<\/a>\n<ul class=\"sub-menu elementor-nav-menu--dropdown\">\n\t<li class=\"menu-item menu-item-type-post_type menu-item-object-page menu-item-67\"><a href=\"https:\/\/xn--tamara-sprgin-4ob.de\/home\/massagen\/\" class=\"elementor-sub-item\">Massagen<\/a><\/li>\n\t<li class=\"menu-item menu-item-type-post_type menu-item-object-page menu-item-1375\"><a href=\"https:\/\/xn--tamara-sprgin-4ob.de\/home\/klangschalen\/\" class=\"elementor-sub-item\">Klangschalen<\/a><\/li>\n\t<li class=\"menu-item menu-item-type-post_type menu-item-object-page menu-item-68\"><a href=\"https:\/\/xn--tamara-sprgin-4ob.de\/home\/reiki\/\" class=\"elementor-sub-item\">Reiki<\/a><\/li>\n\t<li class=\"menu-item menu-item-type-post_type menu-item-object-page menu-item-1374\"><a href=\"https:\/\/xn--tamara-sprgin-4ob.de\/home\/liebscher-bracht\/\" class=\"elementor-sub-item\">Liebscher &#038; Bracht<\/a><\/li>\n\t<li class=\"menu-item menu-item-type-post_type menu-item-object-page menu-item-1402\"><a href=\"https:\/\/xn--tamara-sprgin-4ob.de\/home\/kinesiotape\/\" class=\"elementor-sub-item\">Kinesiotape<\/a><\/li>\n\t<li class=\"menu-item menu-item-type-post_type menu-item-object-page menu-item-1934\"><a href=\"https:\/\/xn--tamara-sprgin-4ob.de\/home\/hotstone\/\" class=\"elementor-sub-item\">Hot Stone<\/a><\/li>\n<\/ul>\n<\/li>\n<li class=\"menu-item menu-item-type-post_type menu-item-object-page menu-item-69\"><a href=\"https:\/\/xn--tamara-sprgin-4ob.de\/home\/aktuelles\/\" class=\"elementor-item\">Aktuelles<\/a><\/li>\n<li class=\"menu-item menu-item-type-post_type menu-item-object-page menu-item-70\"><a href=\"https:\/\/xn--tamara-sprgin-4ob.de\/home\/gutscheine\/\" class=\"elementor-item\">Gutscheine<\/a><\/li>\n<li class=\"menu-item menu-item-type-post_type menu-item-object-page menu-item-809\"><a href=\"https:\/\/xn--tamara-sprgin-4ob.de\/home\/foto-galerie\/\" class=\"elementor-item\">Foto Galerie<\/a><\/li>\n<li class=\"menu-item menu-item-type-post_type menu-item-object-page menu-item-442\"><a href=\"https:\/\/xn--tamara-sprgin-4ob.de\/home\/gaestebuch\/\" class=\"elementor-item\">G\u00e4stebuch<\/a><\/li>\n<li class=\"menu-item menu-item-type-post_type menu-item-object-page menu-item-71\"><a href=\"https:\/\/xn--tamara-sprgin-4ob.de\/home\/kontakt\/\" class=\"elementor-item\">Kontakt<\/a><\/li>\n<li class=\"menu-item menu-item-type-post_type menu-item-object-page menu-item-503\"><a href=\"https:\/\/xn--tamara-sprgin-4ob.de\/home\/agb\/\" class=\"elementor-item\">AGB<\/a><\/li>\n<\/ul>\t\t\t<\/nav>\n\t\t\t\t\t<div class=\"elementor-menu-toggle\" role=\"button\" tabindex=\"0\" aria-label=\"Menu Toggle\" aria-expanded=\"false\">\n\t\t\t<i aria-hidden=\"true\" role=\"presentation\" class=\"elementor-menu-toggle__icon--open eicon-menu-bar\"><\/i><i aria-hidden=\"true\" role=\"presentation\" class=\"elementor-menu-toggle__icon--close eicon-close\"><\/i>\t\t<\/div>\n\t\t\t\t\t<nav class=\"elementor-nav-menu--dropdown elementor-nav-menu__container\" aria-hidden=\"true\">\n\t\t\t\t<ul id=\"menu-2-38e71a8\" class=\"elementor-nav-menu\"><li class=\"menu-item menu-item-type-post_type menu-item-object-page menu-item-home menu-item-1134\"><a href=\"https:\/\/xn--tamara-sprgin-4ob.de\/home\/\" class=\"elementor-item\" tabindex=\"-1\">Home<\/a><\/li>\n<li class=\"menu-item menu-item-type-post_type menu-item-object-page menu-item-122\"><a href=\"https:\/\/xn--tamara-sprgin-4ob.de\/home\/ueber-mich\/\" class=\"elementor-item\" tabindex=\"-1\">\u00dcber Mich<\/a><\/li>\n<li class=\"menu-item menu-item-type-post_type menu-item-object-page menu-item-has-children menu-item-66\"><a href=\"https:\/\/xn--tamara-sprgin-4ob.de\/home\/anwendungen\/\" class=\"elementor-item\" tabindex=\"-1\">Anwendungen<\/a>\n<ul class=\"sub-menu elementor-nav-menu--dropdown\">\n\t<li class=\"menu-item menu-item-type-post_type menu-item-object-page menu-item-67\"><a href=\"https:\/\/xn--tamara-sprgin-4ob.de\/home\/massagen\/\" class=\"elementor-sub-item\" tabindex=\"-1\">Massagen<\/a><\/li>\n\t<li class=\"menu-item menu-item-type-post_type menu-item-object-page menu-item-1375\"><a href=\"https:\/\/xn--tamara-sprgin-4ob.de\/home\/klangschalen\/\" class=\"elementor-sub-item\" tabindex=\"-1\">Klangschalen<\/a><\/li>\n\t<li class=\"menu-item menu-item-type-post_type menu-item-object-page menu-item-68\"><a href=\"https:\/\/xn--tamara-sprgin-4ob.de\/home\/reiki\/\" class=\"elementor-sub-item\" tabindex=\"-1\">Reiki<\/a><\/li>\n\t<li class=\"menu-item menu-item-type-post_type menu-item-object-page menu-item-1374\"><a href=\"https:\/\/xn--tamara-sprgin-4ob.de\/home\/liebscher-bracht\/\" class=\"elementor-sub-item\" tabindex=\"-1\">Liebscher &#038; Bracht<\/a><\/li>\n\t<li class=\"menu-item menu-item-type-post_type menu-item-object-page menu-item-1402\"><a href=\"https:\/\/xn--tamara-sprgin-4ob.de\/home\/kinesiotape\/\" class=\"elementor-sub-item\" tabindex=\"-1\">Kinesiotape<\/a><\/li>\n\t<li class=\"menu-item menu-item-type-post_type menu-item-object-page menu-item-1934\"><a href=\"https:\/\/xn--tamara-sprgin-4ob.de\/home\/hotstone\/\" class=\"elementor-sub-item\" tabindex=\"-1\">Hot Stone<\/a><\/li>\n<\/ul>\n<\/li>\n<li class=\"menu-item menu-item-type-post_type menu-item-object-page menu-item-69\"><a href=\"https:\/\/xn--tamara-sprgin-4ob.de\/home\/aktuelles\/\" class=\"elementor-item\" tabindex=\"-1\">Aktuelles<\/a><\/li>\n<li class=\"menu-item menu-item-type-post_type menu-item-object-page menu-item-70\"><a href=\"https:\/\/xn--tamara-sprgin-4ob.de\/home\/gutscheine\/\" class=\"elementor-item\" tabindex=\"-1\">Gutscheine<\/a><\/li>\n<li class=\"menu-item menu-item-type-post_type menu-item-object-page menu-item-809\"><a href=\"https:\/\/xn--tamara-sprgin-4ob.de\/home\/foto-galerie\/\" class=\"elementor-item\" tabindex=\"-1\">Foto Galerie<\/a><\/li>\n<li class=\"menu-item menu-item-type-post_type menu-item-object-page menu-item-442\"><a href=\"https:\/\/xn--tamara-sprgin-4ob.de\/home\/gaestebuch\/\" class=\"elementor-item\" tabindex=\"-1\">G\u00e4stebuch<\/a><\/li>\n<li class=\"menu-item menu-item-type-post_type menu-item-object-page menu-item-71\"><a href=\"https:\/\/xn--tamara-sprgin-4ob.de\/home\/kontakt\/\" class=\"elementor-item\" tabindex=\"-1\">Kontakt<\/a><\/li>\n<li class=\"menu-item menu-item-type-post_type menu-item-object-page menu-item-503\"><a href=\"https:\/\/xn--tamara-sprgin-4ob.de\/home\/agb\/\" class=\"elementor-item\" tabindex=\"-1\">AGB<\/a><\/li>\n<\/ul>\t\t\t<\/nav>\n\t\t\t\t\t\t<\/div>\n\t\t\t\t<\/div>\n\t\t\t\t<div class=\"elementor-element elementor-element-cf1c202 animated-slow elementor-invisible elementor-widget elementor-widget-heading\" data-id=\"cf1c202\" data-element_type=\"widget\" data-settings=\"{&quot;_animation&quot;:&quot;fadeIn&quot;,&quot;_animation_delay&quot;:1000}\" data-widget_type=\"heading.default\">\n\t\t\t\t<div class=\"elementor-widget-container\">\n\t\t\t\t\t<h2 class=\"elementor-heading-title elementor-size-large\">Allgemeine Gesch\u00e4ftsbedingungen<\/h2>\t\t\t\t<\/div>\n\t\t\t\t<\/div>\n\t\t\t\t<div class=\"elementor-element elementor-element-ece5083 elementor-widget elementor-widget-text-editor\" data-id=\"ece5083\" data-element_type=\"widget\" data-widget_type=\"text-editor.default\">\n\t\t\t\t<div class=\"elementor-widget-container\">\n\t\t\t\t\t\t\t\t\t<p>ALLGEMEINE GESCH\u00c4FTSBEDINGUNGEN ( AGB )<br \/><strong>Tamara Sp\u00fcrgin<\/strong><br \/><strong>Ayurveda<\/strong> &#8211; <b>strahlendes Aussehen, Lebenskraft und Energiefluss<\/b><\/p><p>Lehmgrubenweg 3<br \/>79331 Teningen<br \/>0172 3909445<\/p><p>\u00a0<\/p><p><strong>\u00a7 1 ALLGEMEINES<\/strong><br \/>F\u00fcr alle Rechtsgesch\u00e4fte mit dem Kunden gelten ausschlie\u00dflich unsere \u201eAllgemeinen Gesch\u00e4ftsbedingungen\u201c. Tamara Sp\u00fcrgin &#8211; Ayurveda beh\u00e4lt sich \u00c4nderungen der Allgemeinen Gesch\u00e4ftsbedingungen vor.<br \/>Die Preise gelten bis zum Erscheinen einer neuen Preisliste. Ma\u00dfgeblich ist die zum Zeitpunkt des Vertragsabschlusses g\u00fcltige Fassung.<br \/>F\u00fcr den Fall von Sonderangeboten gilt der angebotene Preis auf die Sonderaktion befristet.<br \/>Erbrachte Dienstleistungen sind sp\u00e4testens nach der Behandlung direkt in den Gesch\u00e4ftsr\u00e4umen von Tamara Sp\u00fcrgin &#8211; Ayurveda zu begleichen, insofern nichts anderes vereinbart wurde.<br \/>Diese Bedingungen werden mit Auftragserteilung anerkannt und finden Geltung.<\/p><p>\u00a0<\/p><p><strong>\u00a7 2 TERMINVEREINBARUNGEN<\/strong><br \/>Terminvereinbarungen k\u00f6nnen per E-Mail oder Telefon vorgenommen werden. Terminw\u00fcnsche per E-Mail gelten erst als best\u00e4tigt, wenn Tamara Sp\u00fcrgin &#8211; Ayurveda eine Best\u00e4tigungsemail versandt hat.<br \/>Ein versp\u00e4tetes Erscheinen zum vereinbarten Termin kann unter Umst\u00e4nden, auch im Interesse der nachfolgenden Kunden, von der Behandlungszeit abgezogen werden.<\/p><p>\u00a0<\/p><p><strong>\u00a7 3 TERMINVERSCHIEBUNGEN\/ -ABSAGEN UND STORNO-BEDINGUNGEN<\/strong><br \/>Termine m\u00fcssen <u>mindestens 24 Stunden (telefonisch)<\/u> vorher abgesagt werden. Bei <b>unentschuldigtem <\/b>Nichterscheinen zu einem Termin wird dieser <u>zu <\/u><b><u>50% in Rechnung<\/u> <\/b>gestellt.<\/p><p>\u00a0<\/p><p><strong>\u00a7 4 HAFTUNGSAUSSCHLUSS &#8211; BEHANDLUNGEN<\/strong><br \/>Die Massagen und Anwendungen dienen ausschlie\u00dflich dem Wohlbefinden, der Entspannung und Pr\u00e4vention. Sie stellen keine Therapien dar und sollen auch kein Ersatz f\u00fcr einen Besuch beim Arzt oder Heilpraktiker sein.<br \/>Sofern trotz fachkundiger Anwendung Folgesch\u00e4den auftreten, die darauf zur\u00fcckzuf\u00fchren sind, dass ein Kunde Ausschlussgr\u00fcnde verschweigt, sind wir von jeder Haftung freigestellt. Gleiches gilt f\u00fcr Sch\u00e4den, die dadurch entstehen, weil ein Ausschlussgrund dem Kunden selbst nicht bekannt und f\u00fcr uns nicht erkennbar war. Bekannte Beschwerden wie Allergien, bestehende Beschwerden am Bewegungsapparat, Herz-\/Kreislauferkrankungen, k\u00f6rperliche Einschr\u00e4nkungen, eine druckempfindliche Haut, Schwangerschaft oder andere Erkrankungen, muss der Kunde vor der Behandlung mitteilen.<\/p><p>\u00a0<\/p><p><strong>\u00a7 5 GUTSCHEINVERSAND<\/strong><br \/>Der Versand von Gutscheinen wird sofort nach Auftragserteilung \u2013 in der Regel am selben Werktag &#8211; vorgenommen. Die Lieferung von Gutscheinen erfolgt an die vom Kunden angegebene Lieferadresse. Tamara Sp\u00fcrgin &#8211; Ayurveda \u00fcbernimmt keine Haftung f\u00fcr z.B. zu sp\u00e4t zugestellte Gutscheine und damit verbundene Sch\u00e4den. Ein Gutscheinversand erfolgt auf eigene Gefahr. Die Kosten f\u00fcr Versand werden zus\u00e4tzlich in Rechnung gestellt. Eine Abholung in den Gesch\u00e4ftsr\u00e4umen ist ebenfalls m\u00f6glich. Nach Eingang des Gutscheines ist der Kunde verpflichtet, die beiliegende Rechnung innerhalb von 8 Tagen auf das angegebene Konto von Tamara Sp\u00fcrgin &#8211; Ayurveda zu \u00fcberweisen. Tamara Sp\u00fcrgin &#8211; Ayurveda l\u00f6st nur Gutscheine ein, die vollst\u00e4ndig bezahlt sind.<\/p><p>\u00a0<\/p><p><strong>\u00a7 6 GUTSCHEINEINL\u00d6SUNG<\/strong><br \/>Zum Einl\u00f6sen des Gutscheines muss eine Terminvereinbarung erfolgen und der Gutschein muss zum Termin mitgebracht werden. Sollte dieser Termin nicht eingehalten werden k\u00f6nnen, ist dieser unter Ber\u00fccksichtigung der unter \u00a7 2 genannten Frist vom Kunden abzusagen. Bei Nichterscheinen ohne Absage gilt der Gutschein als eingel\u00f6st und verliert seine G\u00fcltigkeit!<br \/>Die G\u00fcltigkeit eines Gutscheines betr\u00e4gt 12 Monate. Gerechnet wird ab dem Ende des Jahres, in dem der Gutschein ausgestellt wurde. Sollte in dieser Zeit ein Angebot nicht mehr in unserem Programm sein, rechnen wir den Gutscheinwert auf eine gleichwertige Behandlung an. Keine Barauszahlung m\u00f6glich!<\/p><p>\u00a0<\/p><p><strong>\u00a7 7 ERF\u00dcLLUNGSORT<\/strong><br \/>Der Durchf\u00fchrungsort der Behandlungen ist Teningen. Ein Umzug des Ladengesch\u00e4fts ist kein Grund zur Auszahlung eines Gutscheines.<\/p><p>\u00a0<\/p><p><strong>\u00a7 8 DATENSCHUTZ<\/strong><br \/>An uns \u00fcbermittelte Daten wie Namen, Adresse, Telefonnummer oder E-Mail Adresse (personenbezogene Daten) verwenden wir ausschlie\u00dflich zum Zwecke der Bearbeitung Ihrer Anfrage oder der Abwicklung Ihrer Bestellung. Ihre Daten werden von uns nicht an Dritte weitergegeben.<\/p><p>\u00a0<\/p><p><strong>\u00a7 9 ANWENDBARES RECHT\/ GERICHTSSTAND<\/strong><br \/>Gerichtsstand ist Teningen &#8211; Deutschland. Es gilt deutsches Recht.<\/p>\t\t\t\t\t\t\t\t<\/div>\n\t\t\t\t<\/div>\n\t\t\t\t\t<\/div>\n\t\t<\/div>\n\t\t\t\t\t<\/div>\n\t\t<\/section>\n\t\t\t\t<section class=\"elementor-section elementor-top-section elementor-element elementor-element-e428bd8 elementor-section-boxed elementor-section-height-default elementor-section-height-default\" data-id=\"e428bd8\" data-element_type=\"section\">\n\t\t\t\t\t\t<div class=\"elementor-container elementor-column-gap-default\">\n\t\t\t\t\t<div class=\"elementor-column elementor-col-100 elementor-top-column elementor-element elementor-element-8c7d363\" data-id=\"8c7d363\" data-element_type=\"column\">\n\t\t\t<div class=\"elementor-widget-wrap elementor-element-populated\">\n\t\t\t\t\t\t<div class=\"elementor-element elementor-element-ab2ddcd elementor-align-center elementor-widget elementor-widget-button\" data-id=\"ab2ddcd\" data-element_type=\"widget\" data-widget_type=\"button.default\">\n\t\t\t\t<div class=\"elementor-widget-container\">\n\t\t\t\t\t\t\t\t\t<div class=\"elementor-button-wrapper\">\n\t\t\t\t\t<a class=\"elementor-button elementor-button-link elementor-size-sm\" href=\"https:\/\/xn--tamara-sprgin-4ob.de\/gutscheine\/\">\n\t\t\t\t\t\t<span class=\"elementor-button-content-wrapper\">\n\t\t\t\t\t\t\t\t\t<span class=\"elementor-button-text\">Zur\u00fcck<\/span>\n\t\t\t\t\t<\/span>\n\t\t\t\t\t<\/a>\n\t\t\t\t<\/div>\n\t\t\t\t\t\t\t\t<\/div>\n\t\t\t\t<\/div>\n\t\t\t\t<div class=\"elementor-element elementor-element-a21288f elementor-widget-divider--view-line elementor-widget elementor-widget-divider\" data-id=\"a21288f\" data-element_type=\"widget\" data-widget_type=\"divider.default\">\n\t\t\t\t<div class=\"elementor-widget-container\">\n\t\t\t\t\t\t\t<div class=\"elementor-divider\">\n\t\t\t<span class=\"elementor-divider-separator\">\n\t\t\t\t\t\t<\/span>\n\t\t<\/div>\n\t\t\t\t\t\t<\/div>\n\t\t\t\t<\/div>\n\t\t\t\t\t<\/div>\n\t\t<\/div>\n\t\t\t\t\t<\/div>\n\t\t<\/section>\n\t\t\t\t<section class=\"elementor-section elementor-inner-section elementor-element elementor-element-4409eeb3 elementor-section-boxed elementor-section-height-default elementor-section-height-default\" data-id=\"4409eeb3\" data-element_type=\"section\">\n\t\t\t\t\t\t<div class=\"elementor-container elementor-column-gap-narrow\">\n\t\t\t\t\t<div class=\"elementor-column elementor-col-33 elementor-inner-column elementor-element elementor-element-4dec4141\" data-id=\"4dec4141\" data-element_type=\"column\">\n\t\t\t<div class=\"elementor-widget-wrap elementor-element-populated\">\n\t\t\t\t\t\t<div class=\"elementor-element elementor-element-e88356f elementor-widget elementor-widget-image\" data-id=\"e88356f\" data-element_type=\"widget\" data-widget_type=\"image.default\">\n\t\t\t\t<div class=\"elementor-widget-container\">\n\t\t\t\t\t\t\t\t\t\t\t\t\t\t\t<img decoding=\"async\" src=\"https:\/\/xn--tamara-sprgin-4ob.de\/wp-content\/uploads\/elementor\/thumbs\/LOGO-Clean-rbp1zlhtacqqtmcf0q9bqbs6xpw8dynkqi0nyu2gmq.png\" title=\"LOGO Clean\" alt=\"LOGO Clean\" loading=\"lazy\" \/>\t\t\t\t\t\t\t\t\t\t\t\t\t\t\t<\/div>\n\t\t\t\t<\/div>\n\t\t\t\t<div class=\"elementor-element elementor-element-6bc25a5b elementor-widget elementor-widget-text-editor\" data-id=\"6bc25a5b\" data-element_type=\"widget\" data-widget_type=\"text-editor.default\">\n\t\t\t\t<div class=\"elementor-widget-container\">\n\t\t\t\t\t\t\t\t\t<p>Lehmgrubenweg 3<br \/>D-79331 Teningen<br \/>Mobil: +49 172-3909445<br \/><span style=\"font-size: 1rem;\">Mail: <a href=\"mailto:ayurveda@tamara-spuergin.de\">ayurveda@tamara-spuergin.de<\/a><\/span><\/p><p>Web: <a href=\"http:\/\/tamara-sp\u00fcrgin.de\">www.Tamara-Sp\u00fcrgin.de<\/a><\/p>\t\t\t\t\t\t\t\t<\/div>\n\t\t\t\t<\/div>\n\t\t\t\t\t<\/div>\n\t\t<\/div>\n\t\t\t\t<div class=\"elementor-column elementor-col-33 elementor-inner-column elementor-element elementor-element-1a7dd85a\" data-id=\"1a7dd85a\" data-element_type=\"column\">\n\t\t\t<div class=\"elementor-widget-wrap elementor-element-populated\">\n\t\t\t\t\t\t<div class=\"elementor-element elementor-element-14a0aeb5 elementor-shape-circle elementor-grid-0 e-grid-align-center elementor-widget elementor-widget-social-icons\" data-id=\"14a0aeb5\" data-element_type=\"widget\" data-widget_type=\"social-icons.default\">\n\t\t\t\t<div class=\"elementor-widget-container\">\n\t\t\t\t\t\t\t<div class=\"elementor-social-icons-wrapper elementor-grid\" role=\"list\">\n\t\t\t\t\t\t\t<span class=\"elementor-grid-item\" role=\"listitem\">\n\t\t\t\t\t<a class=\"elementor-icon elementor-social-icon elementor-social-icon-facebook elementor-animation-pulse elementor-repeater-item-361b57b\" href=\"http:\/\/www.facebook.com\/tamara.spuergin.1\" target=\"_blank\">\n\t\t\t\t\t\t<span class=\"elementor-screen-only\">Facebook<\/span>\n\t\t\t\t\t\t<i class=\"fab fa-facebook\"><\/i>\t\t\t\t\t<\/a>\n\t\t\t\t<\/span>\n\t\t\t\t\t\t\t<span class=\"elementor-grid-item\" role=\"listitem\">\n\t\t\t\t\t<a class=\"elementor-icon elementor-social-icon elementor-social-icon-instagram elementor-animation-pulse elementor-repeater-item-681c812\" target=\"_blank\">\n\t\t\t\t\t\t<span class=\"elementor-screen-only\">Instagram<\/span>\n\t\t\t\t\t\t<i class=\"fab fa-instagram\"><\/i>\t\t\t\t\t<\/a>\n\t\t\t\t<\/span>\n\t\t\t\t\t\t\t<span class=\"elementor-grid-item\" role=\"listitem\">\n\t\t\t\t\t<a class=\"elementor-icon elementor-social-icon elementor-social-icon-whatsapp elementor-animation-pulse elementor-repeater-item-5ce69ac\" href=\"https:\/\/wa.me\/491723909445\" target=\"_blank\">\n\t\t\t\t\t\t<span class=\"elementor-screen-only\">Whatsapp<\/span>\n\t\t\t\t\t\t<i class=\"fab fa-whatsapp\"><\/i>\t\t\t\t\t<\/a>\n\t\t\t\t<\/span>\n\t\t\t\t\t\t\t<span class=\"elementor-grid-item\" role=\"listitem\">\n\t\t\t\t\t<a class=\"elementor-icon elementor-social-icon elementor-social-icon-envelope elementor-animation-pulse elementor-repeater-item-95a9fbc\" href=\"mailto:ayurveda@tamara-spuergin.de\" target=\"_blank\">\n\t\t\t\t\t\t<span class=\"elementor-screen-only\">Envelope<\/span>\n\t\t\t\t\t\t<i class=\"fas fa-envelope\"><\/i>\t\t\t\t\t<\/a>\n\t\t\t\t<\/span>\n\t\t\t\t\t<\/div>\n\t\t\t\t\t\t<\/div>\n\t\t\t\t<\/div>\n\t\t\t\t<div class=\"elementor-element elementor-element-5d50cfa7 elementor-hidden-desktop elementor-hidden-tablet elementor-widget elementor-widget-text-editor\" data-id=\"5d50cfa7\" data-element_type=\"widget\" data-widget_type=\"text-editor.default\">\n\t\t\t\t<div class=\"elementor-widget-container\">\n\t\t\t\t\t\t\t\t\t<p>\u00a9 copyright by T. Sp\u00fcrgin\u00a0<br \/><a href=\"https:\/\/xn--tamara-sprgin-4ob.de\/datenschutz\/\" rel=\"noopener\">Datenschutz<\/a>\u00a0\u00a0|\u00a0\u00a0<a href=\"https:\/\/xn--tamara-sprgin-4ob.de\/impressum\/\">Impressum<\/a><\/p>\t\t\t\t\t\t\t\t<\/div>\n\t\t\t\t<\/div>\n\t\t\t\t<div class=\"elementor-element elementor-element-6f1e0166 elementor-hidden-phone elementor-widget elementor-widget-spacer\" data-id=\"6f1e0166\" data-element_type=\"widget\" data-widget_type=\"spacer.default\">\n\t\t\t\t<div class=\"elementor-widget-container\">\n\t\t\t\t\t\t\t<div class=\"elementor-spacer\">\n\t\t\t<div class=\"elementor-spacer-inner\"><\/div>\n\t\t<\/div>\n\t\t\t\t\t\t<\/div>\n\t\t\t\t<\/div>\n\t\t\t\t<div class=\"elementor-element elementor-element-7c9a0aa5 elementor-hidden-phone elementor-widget elementor-widget-text-editor\" data-id=\"7c9a0aa5\" data-element_type=\"widget\" data-widget_type=\"text-editor.default\">\n\t\t\t\t<div class=\"elementor-widget-container\">\n\t\t\t\t\t\t\t\t\t<p>\u00a9 copyright 2022<\/p><p><a href=\"https:\/\/xn--tamara-sprgin-4ob.de\/datenschutz\/\" rel=\"noopener\">Datenschutz<\/a> | <a href=\"https:\/\/xn--tamara-sprgin-4ob.de\/impressum\/\">Impressum<\/a><\/p>\t\t\t\t\t\t\t\t<\/div>\n\t\t\t\t<\/div>\n\t\t\t\t\t<\/div>\n\t\t<\/div>\n\t\t\t\t<div class=\"elementor-column elementor-col-33 elementor-inner-column elementor-element elementor-element-9a83b02 elementor-hidden-phone\" data-id=\"9a83b02\" data-element_type=\"column\">\n\t\t\t<div class=\"elementor-widget-wrap elementor-element-populated\">\n\t\t\t\t\t\t<div class=\"elementor-element elementor-element-5c9268d7 elementor-widget elementor-widget-wp-widget-pages\" data-id=\"5c9268d7\" data-element_type=\"widget\" data-widget_type=\"wp-widget-pages.default\">\n\t\t\t\t<div class=\"elementor-widget-container\">\n\t\t\t\t\t<h5>Seiten:<\/h5><nav aria-label=\"Seiten:\">\n\t\t\t<ul>\n\t\t\t\t<li class=\"page_item page-item-32\"><a href=\"https:\/\/xn--tamara-sprgin-4ob.de\/home\/\">Home<\/a><\/li>\n<li class=\"page_item page-item-51\"><a href=\"https:\/\/xn--tamara-sprgin-4ob.de\/home\/anwendungen\/\">Anwendungen<\/a><\/li>\n<li class=\"page_item page-item-54\"><a href=\"https:\/\/xn--tamara-sprgin-4ob.de\/home\/aktuelles\/\">Aktuelles<\/a><\/li>\n<li class=\"page_item page-item-56\"><a href=\"https:\/\/xn--tamara-sprgin-4ob.de\/home\/kontakt\/\">Kontakt<\/a><\/li>\n<li class=\"page_item page-item-561\"><a href=\"https:\/\/xn--tamara-sprgin-4ob.de\/home\/agb-2\/\">AGB<\/a><\/li>\n\t\t\t<\/ul>\n\n\t\t\t<\/nav>\t\t\t\t<\/div>\n\t\t\t\t<\/div>\n\t\t\t\t\t<\/div>\n\t\t<\/div>\n\t\t\t\t\t<\/div>\n\t\t<\/section>\n\t\t\t\t<\/div>\n\t\t","protected":false},"excerpt":{"rendered":"<p>Allgemeine Gesch\u00e4ftsbedingungen ALLGEMEINE GESCH\u00c4FTSBEDINGUNGEN ( AGB )Tamara Sp\u00fcrginAyurveda &#8211; strahlendes Aussehen, Lebenskraft und Energiefluss Lehmgrubenweg 379331 Teningen0172 3909445 \u00a0 \u00a7 1 ALLGEMEINESF\u00fcr alle Rechtsgesch\u00e4fte mit dem Kunden gelten ausschlie\u00dflich unsere \u201eAllgemeinen Gesch\u00e4ftsbedingungen\u201c. Tamara Sp\u00fcrgin &#8211; Ayurveda beh\u00e4lt sich \u00c4nderungen der Allgemeinen Gesch\u00e4ftsbedingungen vor.Die Preise gelten bis zum Erscheinen einer neuen Preisliste. Ma\u00dfgeblich ist die zum [&hellip;]<\/p>\n","protected":false},"author":2,"featured_media":0,"parent":0,"menu_order":10,"comment_status":"closed","ping_status":"closed","template":"","meta":{"footnotes":""},"class_list":["post-643","page","type-page","status-publish","hentry"],"aioseo_notices":[],"_links":{"self":[{"href":"https:\/\/xn--tamara-sprgin-4ob.de\/home\/wp-json\/wp\/v2\/pages\/643","targetHints":{"allow":["GET"]}}],"collection":[{"href":"https:\/\/xn--tamara-sprgin-4ob.de\/home\/wp-json\/wp\/v2\/pages"}],"about":[{"href":"https:\/\/xn--tamara-sprgin-4ob.de\/home\/wp-json\/wp\/v2\/types\/page"}],"author":[{"embeddable":true,"href":"https:\/\/xn--tamara-sprgin-4ob.de\/home\/wp-json\/wp\/v2\/users\/2"}],"replies":[{"embeddable":true,"href":"https:\/\/xn--tamara-sprgin-4ob.de\/home\/wp-json\/wp\/v2\/comments?post=643"}],"version-history":[{"count":29,"href":"https:\/\/xn--tamara-sprgin-4ob.de\/home\/wp-json\/wp\/v2\/pages\/643\/revisions"}],"predecessor-version":[{"id":2680,"href":"https:\/\/xn--tamara-sprgin-4ob.de\/home\/wp-json\/wp\/v2\/pages\/643\/revisions\/2680"}],"wp:attachment":[{"href":"https:\/\/xn--tamara-sprgin-4ob.de\/home\/wp-json\/wp\/v2\/media?parent=643"}],"curies":[{"name":"wp","href":"https:\/\/api.w.org\/{rel}","templated":true}]}}